{"id":279,"date":"2017-10-29T21:08:21","date_gmt":"2017-10-29T21:08:21","guid":{"rendered":"http:\/\/casadoolivalfv.pt\/?page_id=279"},"modified":"2021-11-06T18:01:01","modified_gmt":"2021-11-06T18:01:01","slug":"a-anfitria","status":"publish","type":"page","link":"https:\/\/casadoolivalfv.pt\/index.php\/a-anfitria\/","title":{"rendered":"A anfitri\u00e3"},"content":{"rendered":"<p style=\"text-align: justify;\">A Casa do Olival nasceu com muito empenho e um grande carinho por Figueir\u00f3 dos Vinhos.<br \/>\nTrata-se de uma habita\u00e7\u00e3o que meus pais me deixaram e que, em 2015, se encontrava em avan\u00e7ado estado de degrada\u00e7\u00e3o. A necessidade de recupera\u00e7\u00e3o era evidente e deit\u00e1mos m\u00e3os \u00e0 obra! Digo \u201cdeit\u00e1mos\u201d, pois todo este projeto \u00e9 o resultado de um conjunto de ideias e sugest\u00f5es da fam\u00edlia e de amigos, que me ajudaram a concretizar o sonho de ali criar uma nova habita\u00e7\u00e3o, proporcionando conforto e bem-estar a quem nos visita e procura conhecer esta regi\u00e3o.<br \/>\nO nosso n\u00facleo familiar encontra-se espalhado por tr\u00eas cantos do mundo e a Casa do Olival \u00e9 o ninho que recentemente constru\u00edmos para nos aproximar. Espero que sejam muitos a criar mem\u00f3rias t\u00e3o boas como as que n\u00f3s temos desta terra e que os dias aqui passados proporcionem a todos o mesmo prazer que, juntos, tivemos a preparar este espa\u00e7o!<br \/>\nSejam bem-vindos\/as \u00e0 Casa do Olival!<\/p>\n<p>\/Maria Jo\u00e3o<\/p>\n<p><a href=\"https:\/\/casadoolivalfv.pt\/wp-content\/uploads\/2017\/10\/FOTO.jpg\"><img loading=\"lazy\" decoding=\"async\" class=\"alignnone wp-image-280 size-full\" src=\"https:\/\/casadoolivalfv.pt\/wp-content\/uploads\/2017\/10\/FOTO.jpg\" alt=\"\" width=\"2048\" height=\"1536\" srcset=\"https:\/\/casadoolivalfv.pt\/wp-content\/uploads\/2017\/10\/FOTO.jpg 2048w, https:\/\/casadoolivalfv.pt\/wp-content\/uploads\/2017\/10\/FOTO-300x225.jpg 300w, https:\/\/casadoolivalfv.pt\/wp-content\/uploads\/2017\/10\/FOTO-768x576.jpg 768w, https:\/\/casadoolivalfv.pt\/wp-content\/uploads\/2017\/10\/FOTO-1024x768.jpg 1024w\" sizes=\"(max-width: 706px) 89vw, (max-width: 767px) 82vw, 740px\" \/><\/a><\/p>\n<div id='gallery-1' class='gallery galleryid-279 gallery-columns-2 gallery-size-large'><figure class='gallery-item'>\n\t\t\t<div class='gallery-icon landscape'>\n\t\t\t\t<a href='https:\/\/casadoolivalfv.pt\/wp-content\/uploads\/2017\/10\/Velho-e1509311611804.jpg'><img loading=\"lazy\" decoding=\"async\" width=\"525\" height=\"352\" src=\"https:\/\/casadoolivalfv.pt\/wp-content\/uploads\/2017\/10\/Velho-e1509311611804-1024x686.jpg\" class=\"attachment-large size-large\" alt=\"\" srcset=\"https:\/\/casadoolivalfv.pt\/wp-content\/uploads\/2017\/10\/Velho-e1509311611804-1024x686.jpg 1024w, https:\/\/casadoolivalfv.pt\/wp-content\/uploads\/2017\/10\/Velho-e1509311611804-300x201.jpg 300w, https:\/\/casadoolivalfv.pt\/wp-content\/uploads\/2017\/10\/Velho-e1509311611804-768x515.jpg 768w\" sizes=\"100vw\" \/><\/a>\n\t\t\t<\/div><\/figure><figure class='gallery-item'>\n\t\t\t<div class='gallery-icon landscape'>\n\t\t\t\t<a href='https:\/\/casadoolivalfv.pt\/wp-content\/uploads\/2017\/10\/Novo.jpg'><img loading=\"lazy\" decoding=\"async\" width=\"525\" height=\"350\" src=\"https:\/\/casadoolivalfv.pt\/wp-content\/uploads\/2017\/10\/Novo-1024x683.jpg\" class=\"attachment-large size-large\" alt=\"\" srcset=\"https:\/\/casadoolivalfv.pt\/wp-content\/uploads\/2017\/10\/Novo-1024x683.jpg 1024w, https:\/\/casadoolivalfv.pt\/wp-content\/uploads\/2017\/10\/Novo-300x200.jpg 300w, https:\/\/casadoolivalfv.pt\/wp-content\/uploads\/2017\/10\/Novo-768x512.jpg 768w\" sizes=\"100vw\" \/><\/a>\n\t\t\t<\/div><\/figure>\n\t\t<\/div>\n\n","protected":false},"excerpt":{"rendered":"<p>A Casa do Olival nasceu com muito empenho e um grande carinho por Figueir\u00f3 dos Vinhos. Trata-se de uma habita\u00e7\u00e3o que meus pais me deixaram e que, em 2015, se encontrava em avan\u00e7ado estado de degrada\u00e7\u00e3o. A necessidade de recupera\u00e7\u00e3o era evidente e deit\u00e1mos m\u00e3os \u00e0 obra! Digo \u201cdeit\u00e1mos\u201d, pois todo este projeto \u00e9 o &hellip; <\/p>\n<p class=\"link-more\"><a href=\"https:\/\/casadoolivalfv.pt\/index.php\/a-anfitria\/\" class=\"more-link\">Continue reading<span class=\"screen-reader-text\"> &#8220;A anfitri\u00e3&#8221;<\/span><\/a><\/p>\n","protected":false},"author":1,"featured_media":593,"parent":0,"menu_order":0,"comment_status":"closed","ping_status":"closed","template":"","meta":{"spay_email":"","footnotes":""},"jetpack_sharing_enabled":true,"jetpack_shortlink":"https:\/\/wp.me\/P9dgIg-4v","_links":{"self":[{"href":"https:\/\/casadoolivalfv.pt\/index.php\/wp-json\/wp\/v2\/pages\/279"}],"collection":[{"href":"https:\/\/casadoolivalfv.pt\/index.php\/wp-json\/wp\/v2\/pages"}],"about":[{"href":"https:\/\/casadoolivalfv.pt\/index.php\/wp-json\/wp\/v2\/types\/page"}],"author":[{"embeddable":true,"href":"https:\/\/casadoolivalfv.pt\/index.php\/wp-json\/wp\/v2\/users\/1"}],"replies":[{"embeddable":true,"href":"https:\/\/casadoolivalfv.pt\/index.php\/wp-json\/wp\/v2\/comments?post=279"}],"version-history":[{"count":5,"href":"https:\/\/casadoolivalfv.pt\/index.php\/wp-json\/wp\/v2\/pages\/279\/revisions"}],"predecessor-version":[{"id":580,"href":"https:\/\/casadoolivalfv.pt\/index.php\/wp-json\/wp\/v2\/pages\/279\/revisions\/580"}],"wp:featuredmedia":[{"embeddable":true,"href":"https:\/\/casadoolivalfv.pt\/index.php\/wp-json\/wp\/v2\/media\/593"}],"wp:attachment":[{"href":"https:\/\/casadoolivalfv.pt\/index.php\/wp-json\/wp\/v2\/media?parent=279"}],"curies":[{"name":"wp","href":"https:\/\/api.w.org\/{rel}","templated":true}]}}