{"id":343,"date":"2018-01-20T18:36:08","date_gmt":"2018-01-20T18:36:08","guid":{"rendered":"http:\/\/casadoolivalfv.pt\/?page_id=343"},"modified":"2018-01-20T19:08:55","modified_gmt":"2018-01-20T19:08:55","slug":"village-and-surroundings","status":"publish","type":"page","link":"https:\/\/casadoolivalfv.pt\/index.php\/village-and-surroundings\/","title":{"rendered":"Village and surroundings"},"content":{"rendered":"<p style=\"text-align: justify;\">Figueir\u00f3 do Vinhos is an ancient village that worths the visit to its cultural and historical heritage. The municipal tourism office organizes free guided tours to the different points of interest such as Casulo Malhoa and the Art Museum. Other places we recommend you to visit during your leisure time in Figueir\u00f3 dos Vinhos are the Library, the Culture house and the historical park. There is also a cinema, a skate park, a public swimming pool and a riding centre, all of which are located max 10 minutes walking from Casa do Olival.<br \/>\nThe \u201cRede das Aldeias do Xisto\u201d (Schist Villages Network) defines a set of villages formed by houses of traditional architecture, built predominantly with Schist. One of the most beautiful is \u201cCasal de S. Sim\u00e3o\u201d and is located 8 Kms from Figueir\u00f3 dos Vinhos. There are others in the contiguous counties of Lous\u00e3, Pedr\u00f3g\u00e3o Grande, Penela and Sert\u00e3 and also, a little further, in Gois, Miranda do Corvo, Oleiros, Pampilhosa da Serra, etc.<br \/>\nCoimbra and Tomar, UNESCO world heritage cities, are located near Figueir\u00f3 dos Vinhos.<br \/>\nIf you like hiking and contact with nature, you will find in the region a network of well-marked pedestrian paths, either short or long, providing great landscapes. There are also bike paths for bird watching and BTT lovers.<br \/>\nThe river pools, pleasant spaces of pure and clean waters in constant renewal, are one of the great attractions of the region. The beautiful river pools of Aldeia de Ana de Avis , Fragas de S. Sim\u00e3o and Mosteiros are located 3 Kms, 7 kms and 15 Kms from Figueir\u00f3 dos Vinhos, respectively.<br \/>\nIf you like to swim, you can also do it in the reservoirs of Castelo do Bode or Cabril, located 8 km and 18 km from Vila, respectively, or in Praia das Rocas, 15 kms away in Castanheira de P\u00eara. The reservoirs are also a suitable place to practice water sports or fishing.<br \/>\nPopular celebrations are present in the municipality practically throughout the year. The Carnival (February\/March), the festivities of S\u00e3o Jo\u00e3o (June 24th, municipal holiday) and the S\u00e3o Pantale\u00e3o fair (26th, 27th and 28th July) are the most important and animated.<br \/>\nGastronomy also deserves a word of distinction in the region. The \u201cP\u00e3o-de-L\u00f3\u201d is the most famous cake in Figueir\u00f3 dos Vinhos but there are other traditional sweets like \u201cCastanhas Doces\u201d or \u201cQueijinhos do C\u00e9u\u201d. In the local restaurants you will find traditional cuisine delicacies, made from lamb, kid, trout or achigan.<\/p>\n<div id='gallery-1' class='gallery galleryid-343 gallery-columns-2 gallery-size-large'><figure class='gallery-item'>\n\t\t\t<div class='gallery-icon landscape'>\n\t\t\t\t<a href='https:\/\/casadoolivalfv.pt\/wp-content\/uploads\/2017\/09\/DSC_b_8650.jpg'><img loading=\"lazy\" decoding=\"async\" width=\"525\" height=\"349\" src=\"https:\/\/casadoolivalfv.pt\/wp-content\/uploads\/2017\/09\/DSC_b_8650-1024x680.jpg\" class=\"attachment-large size-large\" alt=\"\" srcset=\"https:\/\/casadoolivalfv.pt\/wp-content\/uploads\/2017\/09\/DSC_b_8650-1024x680.jpg 1024w, https:\/\/casadoolivalfv.pt\/wp-content\/uploads\/2017\/09\/DSC_b_8650-300x199.jpg 300w, https:\/\/casadoolivalfv.pt\/wp-content\/uploads\/2017\/09\/DSC_b_8650-768x510.jpg 768w, https:\/\/casadoolivalfv.pt\/wp-content\/uploads\/2017\/09\/DSC_b_8650.jpg 1625w\" sizes=\"100vw\" \/><\/a>\n\t\t\t<\/div><\/figure><figure class='gallery-item'>\n\t\t\t<div class='gallery-icon landscape'>\n\t\t\t\t<a href='https:\/\/casadoolivalfv.pt\/wp-content\/uploads\/2017\/09\/DSC_b_8648.jpg'><img loading=\"lazy\" decoding=\"async\" width=\"525\" height=\"349\" src=\"https:\/\/casadoolivalfv.pt\/wp-content\/uploads\/2017\/09\/DSC_b_8648-1024x680.jpg\" class=\"attachment-large size-large\" alt=\"\" srcset=\"https:\/\/casadoolivalfv.pt\/wp-content\/uploads\/2017\/09\/DSC_b_8648-1024x680.jpg 1024w, https:\/\/casadoolivalfv.pt\/wp-content\/uploads\/2017\/09\/DSC_b_8648-300x199.jpg 300w, https:\/\/casadoolivalfv.pt\/wp-content\/uploads\/2017\/09\/DSC_b_8648-768x510.jpg 768w, https:\/\/casadoolivalfv.pt\/wp-content\/uploads\/2017\/09\/DSC_b_8648.jpg 1625w\" sizes=\"100vw\" \/><\/a>\n\t\t\t<\/div><\/figure><figure class='gallery-item'>\n\t\t\t<div class='gallery-icon landscape'>\n\t\t\t\t<a href='https:\/\/casadoolivalfv.pt\/wp-content\/uploads\/2017\/09\/Figueir\u00f3-12-e1509301545753.jpg'><img loading=\"lazy\" decoding=\"async\" width=\"525\" height=\"352\" src=\"https:\/\/casadoolivalfv.pt\/wp-content\/uploads\/2017\/09\/Figueir\u00f3-12-e1509301545753-1024x687.jpg\" class=\"attachment-large size-large\" alt=\"\" srcset=\"https:\/\/casadoolivalfv.pt\/wp-content\/uploads\/2017\/09\/Figueir\u00f3-12-e1509301545753-1024x687.jpg 1024w, https:\/\/casadoolivalfv.pt\/wp-content\/uploads\/2017\/09\/Figueir\u00f3-12-e1509301545753-300x201.jpg 300w, https:\/\/casadoolivalfv.pt\/wp-content\/uploads\/2017\/09\/Figueir\u00f3-12-e1509301545753-768x515.jpg 768w\" sizes=\"100vw\" \/><\/a>\n\t\t\t<\/div><\/figure><figure class='gallery-item'>\n\t\t\t<div class='gallery-icon landscape'>\n\t\t\t\t<a href='https:\/\/casadoolivalfv.pt\/wp-content\/uploads\/2017\/09\/Figueir\u00f3-04.jpg'><img loading=\"lazy\" decoding=\"async\" width=\"525\" height=\"350\" src=\"https:\/\/casadoolivalfv.pt\/wp-content\/uploads\/2017\/09\/Figueir\u00f3-04-1024x683.jpg\" class=\"attachment-large size-large\" alt=\"\" srcset=\"https:\/\/casadoolivalfv.pt\/wp-content\/uploads\/2017\/09\/Figueir\u00f3-04-1024x683.jpg 1024w, https:\/\/casadoolivalfv.pt\/wp-content\/uploads\/2017\/09\/Figueir\u00f3-04-300x200.jpg 300w, https:\/\/casadoolivalfv.pt\/wp-content\/uploads\/2017\/09\/Figueir\u00f3-04-768x512.jpg 768w\" sizes=\"100vw\" \/><\/a>\n\t\t\t<\/div><\/figure><figure class='gallery-item'>\n\t\t\t<div class='gallery-icon landscape'>\n\t\t\t\t<a href='https:\/\/casadoolivalfv.pt\/wp-content\/uploads\/2017\/09\/Figueir\u00f3-08.jpg'><img loading=\"lazy\" decoding=\"async\" width=\"525\" height=\"349\" src=\"https:\/\/casadoolivalfv.pt\/wp-content\/uploads\/2017\/09\/Figueir\u00f3-08-1024x680.jpg\" class=\"attachment-large size-large\" alt=\"\" srcset=\"https:\/\/casadoolivalfv.pt\/wp-content\/uploads\/2017\/09\/Figueir\u00f3-08-1024x680.jpg 1024w, https:\/\/casadoolivalfv.pt\/wp-content\/uploads\/2017\/09\/Figueir\u00f3-08-300x199.jpg 300w, https:\/\/casadoolivalfv.pt\/wp-content\/uploads\/2017\/09\/Figueir\u00f3-08-768x510.jpg 768w\" sizes=\"100vw\" \/><\/a>\n\t\t\t<\/div><\/figure><figure class='gallery-item'>\n\t\t\t<div class='gallery-icon landscape'>\n\t\t\t\t<a href='https:\/\/casadoolivalfv.pt\/wp-content\/uploads\/2017\/09\/Figueir\u00f3-06.jpg'><img loading=\"lazy\" decoding=\"async\" width=\"525\" height=\"349\" src=\"https:\/\/casadoolivalfv.pt\/wp-content\/uploads\/2017\/09\/Figueir\u00f3-06-1024x680.jpg\" class=\"attachment-large size-large\" alt=\"\" srcset=\"https:\/\/casadoolivalfv.pt\/wp-content\/uploads\/2017\/09\/Figueir\u00f3-06-1024x680.jpg 1024w, https:\/\/casadoolivalfv.pt\/wp-content\/uploads\/2017\/09\/Figueir\u00f3-06-300x199.jpg 300w, https:\/\/casadoolivalfv.pt\/wp-content\/uploads\/2017\/09\/Figueir\u00f3-06-768x510.jpg 768w\" sizes=\"100vw\" \/><\/a>\n\t\t\t<\/div><\/figure>\n\t\t<\/div>\n\n<div id='gallery-2' class='gallery galleryid-343 gallery-columns-2 gallery-size-large'><figure class='gallery-item'>\n\t\t\t<div class='gallery-icon landscape'>\n\t\t\t\t<a href='https:\/\/casadoolivalfv.pt\/wp-content\/uploads\/2017\/09\/Arredores-18-e1509301789630.jpg'><img loading=\"lazy\" decoding=\"async\" width=\"525\" height=\"340\" src=\"https:\/\/casadoolivalfv.pt\/wp-content\/uploads\/2017\/09\/Arredores-18-e1509301789630-1024x663.jpg\" class=\"attachment-large size-large\" alt=\"\" srcset=\"https:\/\/casadoolivalfv.pt\/wp-content\/uploads\/2017\/09\/Arredores-18-e1509301789630-1024x663.jpg 1024w, https:\/\/casadoolivalfv.pt\/wp-content\/uploads\/2017\/09\/Arredores-18-e1509301789630-300x194.jpg 300w, https:\/\/casadoolivalfv.pt\/wp-content\/uploads\/2017\/09\/Arredores-18-e1509301789630-768x497.jpg 768w\" sizes=\"100vw\" \/><\/a>\n\t\t\t<\/div><\/figure><figure class='gallery-item'>\n\t\t\t<div class='gallery-icon landscape'>\n\t\t\t\t<a href='https:\/\/casadoolivalfv.pt\/wp-content\/uploads\/2017\/09\/Arredores-20.jpg'><img loading=\"lazy\" decoding=\"async\" width=\"525\" height=\"350\" src=\"https:\/\/casadoolivalfv.pt\/wp-content\/uploads\/2017\/09\/Arredores-20-1024x683.jpg\" class=\"attachment-large size-large\" alt=\"\" srcset=\"https:\/\/casadoolivalfv.pt\/wp-content\/uploads\/2017\/09\/Arredores-20-1024x683.jpg 1024w, https:\/\/casadoolivalfv.pt\/wp-content\/uploads\/2017\/09\/Arredores-20-300x200.jpg 300w, https:\/\/casadoolivalfv.pt\/wp-content\/uploads\/2017\/09\/Arredores-20-768x512.jpg 768w, https:\/\/casadoolivalfv.pt\/wp-content\/uploads\/2017\/09\/Arredores-20.jpg 1728w\" sizes=\"100vw\" \/><\/a>\n\t\t\t<\/div><\/figure><figure class='gallery-item'>\n\t\t\t<div class='gallery-icon landscape'>\n\t\t\t\t<a href='https:\/\/casadoolivalfv.pt\/wp-content\/uploads\/2017\/09\/DSC_c_1421-1.jpg'><img loading=\"lazy\" decoding=\"async\" width=\"525\" height=\"349\" src=\"https:\/\/casadoolivalfv.pt\/wp-content\/uploads\/2017\/09\/DSC_c_1421-1-1024x680.jpg\" class=\"attachment-large size-large\" alt=\"\" srcset=\"https:\/\/casadoolivalfv.pt\/wp-content\/uploads\/2017\/09\/DSC_c_1421-1-1024x680.jpg 1024w, https:\/\/casadoolivalfv.pt\/wp-content\/uploads\/2017\/09\/DSC_c_1421-1-300x199.jpg 300w, https:\/\/casadoolivalfv.pt\/wp-content\/uploads\/2017\/09\/DSC_c_1421-1-768x510.jpg 768w, https:\/\/casadoolivalfv.pt\/wp-content\/uploads\/2017\/09\/DSC_c_1421-1.jpg 1625w\" sizes=\"100vw\" \/><\/a>\n\t\t\t<\/div><\/figure><figure class='gallery-item'>\n\t\t\t<div class='gallery-icon landscape'>\n\t\t\t\t<a href='https:\/\/casadoolivalfv.pt\/wp-content\/uploads\/2017\/09\/DSC_c_1433-1.jpg'><img loading=\"lazy\" decoding=\"async\" width=\"525\" height=\"349\" src=\"https:\/\/casadoolivalfv.pt\/wp-content\/uploads\/2017\/09\/DSC_c_1433-1-1024x680.jpg\" class=\"attachment-large size-large\" alt=\"\" srcset=\"https:\/\/casadoolivalfv.pt\/wp-content\/uploads\/2017\/09\/DSC_c_1433-1-1024x680.jpg 1024w, https:\/\/casadoolivalfv.pt\/wp-content\/uploads\/2017\/09\/DSC_c_1433-1-300x199.jpg 300w, https:\/\/casadoolivalfv.pt\/wp-content\/uploads\/2017\/09\/DSC_c_1433-1-768x510.jpg 768w, https:\/\/casadoolivalfv.pt\/wp-content\/uploads\/2017\/09\/DSC_c_1433-1.jpg 1625w\" sizes=\"100vw\" \/><\/a>\n\t\t\t<\/div><\/figure><figure class='gallery-item'>\n\t\t\t<div class='gallery-icon landscape'>\n\t\t\t\t<a href='https:\/\/casadoolivalfv.pt\/wp-content\/uploads\/2017\/09\/DSC_b_3588-1.jpg'><img loading=\"lazy\" decoding=\"async\" width=\"525\" height=\"349\" src=\"https:\/\/casadoolivalfv.pt\/wp-content\/uploads\/2017\/09\/DSC_b_3588-1-1024x680.jpg\" class=\"attachment-large size-large\" alt=\"\" srcset=\"https:\/\/casadoolivalfv.pt\/wp-content\/uploads\/2017\/09\/DSC_b_3588-1-1024x680.jpg 1024w, https:\/\/casadoolivalfv.pt\/wp-content\/uploads\/2017\/09\/DSC_b_3588-1-300x199.jpg 300w, https:\/\/casadoolivalfv.pt\/wp-content\/uploads\/2017\/09\/DSC_b_3588-1-768x510.jpg 768w, https:\/\/casadoolivalfv.pt\/wp-content\/uploads\/2017\/09\/DSC_b_3588-1.jpg 1625w\" sizes=\"100vw\" \/><\/a>\n\t\t\t<\/div><\/figure><figure class='gallery-item'>\n\t\t\t<div class='gallery-icon landscape'>\n\t\t\t\t<a href='https:\/\/casadoolivalfv.pt\/wp-content\/uploads\/2017\/09\/IMG_6326.jpg'><img loading=\"lazy\" decoding=\"async\" width=\"525\" height=\"350\" src=\"https:\/\/casadoolivalfv.pt\/wp-content\/uploads\/2017\/09\/IMG_6326-1024x683.jpg\" class=\"attachment-large size-large\" alt=\"\" srcset=\"https:\/\/casadoolivalfv.pt\/wp-content\/uploads\/2017\/09\/IMG_6326-1024x683.jpg 1024w, https:\/\/casadoolivalfv.pt\/wp-content\/uploads\/2017\/09\/IMG_6326-300x200.jpg 300w, https:\/\/casadoolivalfv.pt\/wp-content\/uploads\/2017\/09\/IMG_6326-768x512.jpg 768w\" sizes=\"100vw\" \/><\/a>\n\t\t\t<\/div><\/figure>\n\t\t<\/div>\n\n","protected":false},"excerpt":{"rendered":"<p>Figueir\u00f3 do Vinhos is an ancient village that worths the visit to its cultural and historical heritage. The municipal tourism office organizes free guided tours to the different points of interest such as Casulo Malhoa and the Art Museum. Other places we recommend you to visit during your leisure time in Figueir\u00f3 dos Vinhos are &hellip; <\/p>\n<p class=\"link-more\"><a href=\"https:\/\/casadoolivalfv.pt\/index.php\/village-and-surroundings\/\" class=\"more-link\">Continue reading<span class=\"screen-reader-text\"> &#8220;Village and surroundings&#8221;<\/span><\/a><\/p>\n","protected":false},"author":1,"featured_media":261,"parent":0,"menu_order":0,"comment_status":"closed","ping_status":"closed","template":"","meta":{"spay_email":"","footnotes":""},"jetpack_sharing_enabled":true,"jetpack_shortlink":"https:\/\/wp.me\/P9dgIg-5x","_links":{"self":[{"href":"https:\/\/casadoolivalfv.pt\/index.php\/wp-json\/wp\/v2\/pages\/343"}],"collection":[{"href":"https:\/\/casadoolivalfv.pt\/index.php\/wp-json\/wp\/v2\/pages"}],"about":[{"href":"https:\/\/casadoolivalfv.pt\/index.php\/wp-json\/wp\/v2\/types\/page"}],"author":[{"embeddable":true,"href":"https:\/\/casadoolivalfv.pt\/index.php\/wp-json\/wp\/v2\/users\/1"}],"replies":[{"embeddable":true,"href":"https:\/\/casadoolivalfv.pt\/index.php\/wp-json\/wp\/v2\/comments?post=343"}],"version-history":[{"count":2,"href":"https:\/\/casadoolivalfv.pt\/index.php\/wp-json\/wp\/v2\/pages\/343\/revisions"}],"predecessor-version":[{"id":363,"href":"https:\/\/casadoolivalfv.pt\/index.php\/wp-json\/wp\/v2\/pages\/343\/revisions\/363"}],"wp:featuredmedia":[{"embeddable":true,"href":"https:\/\/casadoolivalfv.pt\/index.php\/wp-json\/wp\/v2\/media\/261"}],"wp:attachment":[{"href":"https:\/\/casadoolivalfv.pt\/index.php\/wp-json\/wp\/v2\/media?parent=343"}],"curies":[{"name":"wp","href":"https:\/\/api.w.org\/{rel}","templated":true}]}}