{"id":7,"date":"2017-09-22T19:40:41","date_gmt":"2017-09-22T19:40:41","guid":{"rendered":"http:\/\/casadoolivalfv.pt\/?page_id=7"},"modified":"2018-01-20T14:56:53","modified_gmt":"2018-01-20T14:56:53","slug":"home","status":"publish","type":"page","link":"https:\/\/casadoolivalfv.pt\/","title":{"rendered":"Bem-vindos \u00e0 Casa do Olival!"},"content":{"rendered":"<p style=\"text-align: justify;\">A Casa do Olival \u00e9 uma moradia de alojamento local situada em Figueir\u00f3 dos Vinhos, uma simp\u00e1tica e antiga vila no centro de Portugal.<br \/>\n<span class=\"text_exposed_show\">A Casa do Olival \u00e9 o espa\u00e7o ideal para casais, fam\u00edlias ou grupos de amigos que procurem, por um fim-de-semana ou durante umas f\u00e9rias, usufruir da tranquilidade e da riqueza cultural de uma vila do interior e\/ou explorar a beleza natural que a regi\u00e3o oferece. <\/span><\/p>\n<p><span class=\"text_exposed_show\">Bem-vindos\/as!<\/span><\/p>\n<p><a href=\"https:\/\/casadoolivalfv.pt\/wp-content\/uploads\/2017\/09\/L1070947.jpg\"><img loading=\"lazy\" decoding=\"async\" class=\"alignnone wp-image-41 size-full\" src=\"https:\/\/casadoolivalfv.pt\/wp-content\/uploads\/2017\/09\/L1070947.jpg\" alt=\"\" width=\"2560\" height=\"1920\" srcset=\"https:\/\/casadoolivalfv.pt\/wp-content\/uploads\/2017\/09\/L1070947.jpg 2560w, https:\/\/casadoolivalfv.pt\/wp-content\/uploads\/2017\/09\/L1070947-300x225.jpg 300w, https:\/\/casadoolivalfv.pt\/wp-content\/uploads\/2017\/09\/L1070947-768x576.jpg 768w, https:\/\/casadoolivalfv.pt\/wp-content\/uploads\/2017\/09\/L1070947-1024x768.jpg 1024w\" sizes=\"(max-width: 706px) 89vw, (max-width: 767px) 82vw, 740px\" \/><\/a><\/p>\n","protected":false},"excerpt":{"rendered":"<p>A Casa do Olival \u00e9 uma moradia de alojamento local situada em Figueir\u00f3 dos Vinhos, uma simp\u00e1tica e antiga vila no centro de Portugal. A Casa do Olival \u00e9 o espa\u00e7o ideal para casais, fam\u00edlias ou grupos de amigos que procurem, por um fim-de-semana ou durante umas f\u00e9rias, usufruir da tranquilidade e da riqueza cultural &hellip; <\/p>\n<p class=\"link-more\"><a href=\"https:\/\/casadoolivalfv.pt\/\" class=\"more-link\">Continue reading<span class=\"screen-reader-text\"> &#8220;Bem-vindos \u00e0 Casa do Olival!&#8221;<\/span><\/a><\/p>\n","protected":false},"author":1,"featured_media":0,"parent":0,"menu_order":0,"comment_status":"closed","ping_status":"closed","template":"","meta":{"spay_email":"","footnotes":""},"jetpack_sharing_enabled":true,"jetpack_shortlink":"https:\/\/wp.me\/P9dgIg-7","_links":{"self":[{"href":"https:\/\/casadoolivalfv.pt\/index.php\/wp-json\/wp\/v2\/pages\/7"}],"collection":[{"href":"https:\/\/casadoolivalfv.pt\/index.php\/wp-json\/wp\/v2\/pages"}],"about":[{"href":"https:\/\/casadoolivalfv.pt\/index.php\/wp-json\/wp\/v2\/types\/page"}],"author":[{"embeddable":true,"href":"https:\/\/casadoolivalfv.pt\/index.php\/wp-json\/wp\/v2\/users\/1"}],"replies":[{"embeddable":true,"href":"https:\/\/casadoolivalfv.pt\/index.php\/wp-json\/wp\/v2\/comments?post=7"}],"version-history":[{"count":15,"href":"https:\/\/casadoolivalfv.pt\/index.php\/wp-json\/wp\/v2\/pages\/7\/revisions"}],"predecessor-version":[{"id":309,"href":"https:\/\/casadoolivalfv.pt\/index.php\/wp-json\/wp\/v2\/pages\/7\/revisions\/309"}],"wp:attachment":[{"href":"https:\/\/casadoolivalfv.pt\/index.php\/wp-json\/wp\/v2\/media?parent=7"}],"curies":[{"name":"wp","href":"https:\/\/api.w.org\/{rel}","templated":true}]}}