{"id":74,"date":"2017-09-23T15:41:02","date_gmt":"2017-09-23T15:41:02","guid":{"rendered":"http:\/\/casadoolivalfv.pt\/?page_id=74"},"modified":"2020-08-31T19:49:00","modified_gmt":"2020-08-31T19:49:00","slug":"vilaearredores","status":"publish","type":"page","link":"https:\/\/casadoolivalfv.pt\/index.php\/vilaearredores\/","title":{"rendered":"Vila e arredores"},"content":{"rendered":"<p style=\"text-align: justify;\">Figueir\u00f3 dos Vinhos \u00e9 uma vila antiga que merece uma visita ao seu patrim\u00f3nio hist\u00f3rico e cultural. O <a href=\"http:\/\/www.cm-figueirodosvinhos.pt\/index.php\/descobrir2\/figueiro-dos-vinhos\/posto-de-turismo\" target=\"_blank\" rel=\"noopener\">Gabinete municipal de turismo<\/a> organiza visitas guiadas gratuitas aos diferentes locais de interesse, tal como o Casulo de Malhoa e o Museu e Centro de Artes. Outros locais de lazer como a Biblioteca, a Casa da Cultura, o Jardim Municipal, o Parque Infantil, o cinema, o skatepark, a piscina municipal e o <a href=\"https:\/\/www.facebook.com\/chdvinhos\/\">centro h\u00edpico<\/a> ficam a apenas 5 -10 minutos da casa do Olival. N\u00e3o pode perder ainda o mercado municipal onde, aos s\u00e1bados, se vendem legumes, queijos, carne e peixe, p\u00e3o, roupas e artesanato local.<br \/>\nAs <a href=\"https:\/\/www.fragasdesaosimao.pt\/\" target=\"_blank\" rel=\"noopener\">Fragas de S\u00e3o Sim\u00e3o<\/a> s\u00e3o um dos locais mais procurados no concelho de Figueir\u00f3 dos Vinhos. Aqui pode visitar a aldeia de xisto Casal de S\u00e3o Sim\u00e3o, mergulhar nas \u00e1guas da bonita praia fluvial e ainda fazer o percurso pedestre entre a praia fluvial e o miradouro.<br \/>\nA Rede das <a href=\"http:\/\/aldeiasdoxisto.pt\/\">Aldeias do Xisto<\/a> define um conjunto de lugares formados por casas de arquitetura tradicional, constru\u00eddas predominantemente com aquela rocha. Um dos mais belos \u00e9 o Casal de S. Sim\u00e3o, situado no concelho de Figueir\u00f3 dos Vinhos, a cerca de 7 km da Casa do Olival.<br \/>\nCoimbra e Tomar, cidades pr\u00f3ximas de Figueir\u00f3 dos Vinhos, s\u00e3o classificadas pela Unesco como Patrim\u00f3nio da Humanidade.<br \/>\nSe gosta de <strong>caminhadas<\/strong> e do contacto com a <strong>natureza<\/strong>, encontra no concelho uma rede de percursos pedestres devidamente sinalizados, seja de curta ou de grande extens\u00e3o, muitos atravessando zonas de relevo acidentado e proporcionando paisagens grandiosas, N\u00e3o faltam, tamb\u00e9m, percursos pr\u00f3prios para bicicleta, que deixar\u00e3o deslumbrados os amantes da BTT.<br \/>\nAs <strong>piscinas fluviais<\/strong>, espa\u00e7os apraz\u00edveis de \u00e1guas puras e l\u00edmpidas em constante renova\u00e7\u00e3o, s\u00e3o um dos grandes atrativos de Figueir\u00f3 dos Vinhos. Existem duas no concelho \u2013 Aldeia de Ana de Avis e a j\u00e1 referida Fragas de S. Sim\u00e3o &#8211; e competem em beleza e encanto. Bem perto, embora j\u00e1 no concelho de Pedr\u00f3g\u00e3o Grande, h\u00e1 uma outra, a dos Mosteiros, tamb\u00e9m de grande beleza.<br \/>\nSe gosta de nadar pode ainda faz\u00ea-lo nas albufeiras do Castelo do Bode ou do Cabril, situadas a 8 km e 18 kms da Vila, respetivamente, ou nas ondas da Praia das Rocas, a 15 kms de dist\u00e2ncia, em Castanheira de P\u00eara. Aquelas grandes e tranquilas extens\u00f5es de \u00e1gua que s\u00e3o as albufeiras constituem ainda um local prop\u00edcio para a pr\u00e1tica dos <strong>desportos<\/strong> <strong>n\u00e1uticos<\/strong> ou para a <strong>pesca<\/strong>.<br \/>\nAs <strong>festas populares<\/strong> marcam presen\u00e7a no concelho praticamente ao longo de todo o ano. Pela grande ades\u00e3o popular e pela especial anima\u00e7\u00e3o, merecem particular refer\u00eancia o Carnaval, os festejos de S. Jo\u00e3o (24 de Junho, feriado municipal) e a grande feira de S\u00e3o Pantale\u00e3o, que dura 3 dias (26, 27 e 28 de Julho) e atrai numerosos forasteiros e traz \u00e0 terra muitos dos seus filhos residentes noutras paragens.<br \/>\nA <strong>gastronomia<\/strong> merece tamb\u00e9m uma palavra de destaque. N\u00e3o vai com certeza deixar de provar o c\u00e9lebre p\u00e3o-de-l\u00f3 de Figueir\u00f3. Mas h\u00e1 outros doces, de origem conventual, com que pode igualmente deliciar-se, como as castanhas doces ou os queijinhos do c\u00e9u. Nos restaurantes locais encontrar\u00e1 iguarias da cozinha tradicional, feitas a partir do borrego, do cabrito, da truta ou do achig\u00e3.<\/p>\n<p>&nbsp;<\/p>\n<div id='gallery-1' class='gallery galleryid-74 gallery-columns-2 gallery-size-large'><figure class='gallery-item'>\n\t\t\t<div class='gallery-icon landscape'>\n\t\t\t\t<a href='https:\/\/casadoolivalfv.pt\/wp-content\/uploads\/2017\/09\/DSC_b_8650.jpg'><img loading=\"lazy\" decoding=\"async\" width=\"525\" height=\"349\" src=\"https:\/\/casadoolivalfv.pt\/wp-content\/uploads\/2017\/09\/DSC_b_8650-1024x680.jpg\" class=\"attachment-large size-large\" alt=\"\" srcset=\"https:\/\/casadoolivalfv.pt\/wp-content\/uploads\/2017\/09\/DSC_b_8650-1024x680.jpg 1024w, https:\/\/casadoolivalfv.pt\/wp-content\/uploads\/2017\/09\/DSC_b_8650-300x199.jpg 300w, https:\/\/casadoolivalfv.pt\/wp-content\/uploads\/2017\/09\/DSC_b_8650-768x510.jpg 768w, https:\/\/casadoolivalfv.pt\/wp-content\/uploads\/2017\/09\/DSC_b_8650.jpg 1625w\" sizes=\"100vw\" \/><\/a>\n\t\t\t<\/div><\/figure><figure class='gallery-item'>\n\t\t\t<div class='gallery-icon landscape'>\n\t\t\t\t<a href='https:\/\/casadoolivalfv.pt\/wp-content\/uploads\/2017\/09\/DSC_b_8648.jpg'><img loading=\"lazy\" decoding=\"async\" width=\"525\" height=\"349\" src=\"https:\/\/casadoolivalfv.pt\/wp-content\/uploads\/2017\/09\/DSC_b_8648-1024x680.jpg\" class=\"attachment-large size-large\" alt=\"\" srcset=\"https:\/\/casadoolivalfv.pt\/wp-content\/uploads\/2017\/09\/DSC_b_8648-1024x680.jpg 1024w, https:\/\/casadoolivalfv.pt\/wp-content\/uploads\/2017\/09\/DSC_b_8648-300x199.jpg 300w, https:\/\/casadoolivalfv.pt\/wp-content\/uploads\/2017\/09\/DSC_b_8648-768x510.jpg 768w, https:\/\/casadoolivalfv.pt\/wp-content\/uploads\/2017\/09\/DSC_b_8648.jpg 1625w\" sizes=\"100vw\" \/><\/a>\n\t\t\t<\/div><\/figure><figure class='gallery-item'>\n\t\t\t<div class='gallery-icon landscape'>\n\t\t\t\t<a href='https:\/\/casadoolivalfv.pt\/wp-content\/uploads\/2017\/09\/Figueir\u00f3-12-e1509301545753.jpg'><img loading=\"lazy\" decoding=\"async\" width=\"525\" height=\"352\" src=\"https:\/\/casadoolivalfv.pt\/wp-content\/uploads\/2017\/09\/Figueir\u00f3-12-e1509301545753-1024x687.jpg\" class=\"attachment-large size-large\" alt=\"\" srcset=\"https:\/\/casadoolivalfv.pt\/wp-content\/uploads\/2017\/09\/Figueir\u00f3-12-e1509301545753-1024x687.jpg 1024w, https:\/\/casadoolivalfv.pt\/wp-content\/uploads\/2017\/09\/Figueir\u00f3-12-e1509301545753-300x201.jpg 300w, https:\/\/casadoolivalfv.pt\/wp-content\/uploads\/2017\/09\/Figueir\u00f3-12-e1509301545753-768x515.jpg 768w\" sizes=\"100vw\" \/><\/a>\n\t\t\t<\/div><\/figure><figure class='gallery-item'>\n\t\t\t<div class='gallery-icon landscape'>\n\t\t\t\t<a href='https:\/\/casadoolivalfv.pt\/wp-content\/uploads\/2017\/09\/Figueir\u00f3-04.jpg'><img loading=\"lazy\" decoding=\"async\" width=\"525\" height=\"350\" src=\"https:\/\/casadoolivalfv.pt\/wp-content\/uploads\/2017\/09\/Figueir\u00f3-04-1024x683.jpg\" class=\"attachment-large size-large\" alt=\"\" srcset=\"https:\/\/casadoolivalfv.pt\/wp-content\/uploads\/2017\/09\/Figueir\u00f3-04-1024x683.jpg 1024w, https:\/\/casadoolivalfv.pt\/wp-content\/uploads\/2017\/09\/Figueir\u00f3-04-300x200.jpg 300w, https:\/\/casadoolivalfv.pt\/wp-content\/uploads\/2017\/09\/Figueir\u00f3-04-768x512.jpg 768w\" sizes=\"100vw\" \/><\/a>\n\t\t\t<\/div><\/figure><figure class='gallery-item'>\n\t\t\t<div class='gallery-icon landscape'>\n\t\t\t\t<a href='https:\/\/casadoolivalfv.pt\/wp-content\/uploads\/2017\/09\/Figueir\u00f3-08.jpg'><img loading=\"lazy\" decoding=\"async\" width=\"525\" height=\"349\" src=\"https:\/\/casadoolivalfv.pt\/wp-content\/uploads\/2017\/09\/Figueir\u00f3-08-1024x680.jpg\" class=\"attachment-large size-large\" alt=\"\" srcset=\"https:\/\/casadoolivalfv.pt\/wp-content\/uploads\/2017\/09\/Figueir\u00f3-08-1024x680.jpg 1024w, https:\/\/casadoolivalfv.pt\/wp-content\/uploads\/2017\/09\/Figueir\u00f3-08-300x199.jpg 300w, https:\/\/casadoolivalfv.pt\/wp-content\/uploads\/2017\/09\/Figueir\u00f3-08-768x510.jpg 768w\" sizes=\"100vw\" \/><\/a>\n\t\t\t<\/div><\/figure><figure class='gallery-item'>\n\t\t\t<div class='gallery-icon landscape'>\n\t\t\t\t<a href='https:\/\/casadoolivalfv.pt\/wp-content\/uploads\/2017\/09\/Figueir\u00f3-06.jpg'><img loading=\"lazy\" decoding=\"async\" width=\"525\" height=\"349\" src=\"https:\/\/casadoolivalfv.pt\/wp-content\/uploads\/2017\/09\/Figueir\u00f3-06-1024x680.jpg\" class=\"attachment-large size-large\" alt=\"\" srcset=\"https:\/\/casadoolivalfv.pt\/wp-content\/uploads\/2017\/09\/Figueir\u00f3-06-1024x680.jpg 1024w, https:\/\/casadoolivalfv.pt\/wp-content\/uploads\/2017\/09\/Figueir\u00f3-06-300x199.jpg 300w, https:\/\/casadoolivalfv.pt\/wp-content\/uploads\/2017\/09\/Figueir\u00f3-06-768x510.jpg 768w\" sizes=\"100vw\" \/><\/a>\n\t\t\t<\/div><\/figure><figure class='gallery-item'>\n\t\t\t<div class='gallery-icon landscape'>\n\t\t\t\t<a href='https:\/\/casadoolivalfv.pt\/wp-content\/uploads\/2017\/09\/Arredores-14.jpg'><img loading=\"lazy\" decoding=\"async\" width=\"525\" height=\"349\" src=\"https:\/\/casadoolivalfv.pt\/wp-content\/uploads\/2017\/09\/Arredores-14-1024x680.jpg\" class=\"attachment-large size-large\" alt=\"\" srcset=\"https:\/\/casadoolivalfv.pt\/wp-content\/uploads\/2017\/09\/Arredores-14-1024x680.jpg 1024w, https:\/\/casadoolivalfv.pt\/wp-content\/uploads\/2017\/09\/Arredores-14-300x199.jpg 300w, https:\/\/casadoolivalfv.pt\/wp-content\/uploads\/2017\/09\/Arredores-14-768x510.jpg 768w, https:\/\/casadoolivalfv.pt\/wp-content\/uploads\/2017\/09\/Arredores-14.jpg 1625w\" sizes=\"100vw\" \/><\/a>\n\t\t\t<\/div><\/figure><figure class='gallery-item'>\n\t\t\t<div class='gallery-icon landscape'>\n\t\t\t\t<a href='https:\/\/casadoolivalfv.pt\/wp-content\/uploads\/2017\/09\/Arredores-13.jpg'><img loading=\"lazy\" decoding=\"async\" width=\"525\" height=\"349\" src=\"https:\/\/casadoolivalfv.pt\/wp-content\/uploads\/2017\/09\/Arredores-13-1024x680.jpg\" class=\"attachment-large size-large\" alt=\"\" srcset=\"https:\/\/casadoolivalfv.pt\/wp-content\/uploads\/2017\/09\/Arredores-13-1024x680.jpg 1024w, https:\/\/casadoolivalfv.pt\/wp-content\/uploads\/2017\/09\/Arredores-13-300x199.jpg 300w, https:\/\/casadoolivalfv.pt\/wp-content\/uploads\/2017\/09\/Arredores-13-768x510.jpg 768w, https:\/\/casadoolivalfv.pt\/wp-content\/uploads\/2017\/09\/Arredores-13.jpg 1625w\" sizes=\"100vw\" \/><\/a>\n\t\t\t<\/div><\/figure><figure class='gallery-item'>\n\t\t\t<div class='gallery-icon landscape'>\n\t\t\t\t<a href='https:\/\/casadoolivalfv.pt\/wp-content\/uploads\/2017\/09\/Arredores-20.jpg'><img loading=\"lazy\" decoding=\"async\" width=\"525\" height=\"350\" src=\"https:\/\/casadoolivalfv.pt\/wp-content\/uploads\/2017\/09\/Arredores-20-1024x683.jpg\" class=\"attachment-large size-large\" alt=\"\" srcset=\"https:\/\/casadoolivalfv.pt\/wp-content\/uploads\/2017\/09\/Arredores-20-1024x683.jpg 1024w, https:\/\/casadoolivalfv.pt\/wp-content\/uploads\/2017\/09\/Arredores-20-300x200.jpg 300w, https:\/\/casadoolivalfv.pt\/wp-content\/uploads\/2017\/09\/Arredores-20-768x512.jpg 768w, https:\/\/casadoolivalfv.pt\/wp-content\/uploads\/2017\/09\/Arredores-20.jpg 1728w\" sizes=\"100vw\" \/><\/a>\n\t\t\t<\/div><\/figure><figure class='gallery-item'>\n\t\t\t<div class='gallery-icon landscape'>\n\t\t\t\t<a href='https:\/\/casadoolivalfv.pt\/wp-content\/uploads\/2017\/09\/Arredores-18-e1509301789630.jpg'><img loading=\"lazy\" decoding=\"async\" width=\"525\" height=\"340\" src=\"https:\/\/casadoolivalfv.pt\/wp-content\/uploads\/2017\/09\/Arredores-18-e1509301789630-1024x663.jpg\" class=\"attachment-large size-large\" alt=\"\" srcset=\"https:\/\/casadoolivalfv.pt\/wp-content\/uploads\/2017\/09\/Arredores-18-e1509301789630-1024x663.jpg 1024w, https:\/\/casadoolivalfv.pt\/wp-content\/uploads\/2017\/09\/Arredores-18-e1509301789630-300x194.jpg 300w, https:\/\/casadoolivalfv.pt\/wp-content\/uploads\/2017\/09\/Arredores-18-e1509301789630-768x497.jpg 768w\" sizes=\"100vw\" \/><\/a>\n\t\t\t<\/div><\/figure><figure class='gallery-item'>\n\t\t\t<div class='gallery-icon landscape'>\n\t\t\t\t<a href='https:\/\/casadoolivalfv.pt\/wp-content\/uploads\/2017\/09\/IMG_6326.jpg'><img loading=\"lazy\" decoding=\"async\" width=\"525\" height=\"350\" src=\"https:\/\/casadoolivalfv.pt\/wp-content\/uploads\/2017\/09\/IMG_6326-1024x683.jpg\" class=\"attachment-large size-large\" alt=\"\" srcset=\"https:\/\/casadoolivalfv.pt\/wp-content\/uploads\/2017\/09\/IMG_6326-1024x683.jpg 1024w, https:\/\/casadoolivalfv.pt\/wp-content\/uploads\/2017\/09\/IMG_6326-300x200.jpg 300w, https:\/\/casadoolivalfv.pt\/wp-content\/uploads\/2017\/09\/IMG_6326-768x512.jpg 768w\" sizes=\"100vw\" \/><\/a>\n\t\t\t<\/div><\/figure><figure class='gallery-item'>\n\t\t\t<div class='gallery-icon landscape'>\n\t\t\t\t<a href='https:\/\/casadoolivalfv.pt\/wp-content\/uploads\/2017\/09\/DSC_b_3588-1.jpg'><img loading=\"lazy\" decoding=\"async\" width=\"525\" height=\"349\" src=\"https:\/\/casadoolivalfv.pt\/wp-content\/uploads\/2017\/09\/DSC_b_3588-1-1024x680.jpg\" class=\"attachment-large size-large\" alt=\"\" srcset=\"https:\/\/casadoolivalfv.pt\/wp-content\/uploads\/2017\/09\/DSC_b_3588-1-1024x680.jpg 1024w, https:\/\/casadoolivalfv.pt\/wp-content\/uploads\/2017\/09\/DSC_b_3588-1-300x199.jpg 300w, https:\/\/casadoolivalfv.pt\/wp-content\/uploads\/2017\/09\/DSC_b_3588-1-768x510.jpg 768w, https:\/\/casadoolivalfv.pt\/wp-content\/uploads\/2017\/09\/DSC_b_3588-1.jpg 1625w\" sizes=\"100vw\" \/><\/a>\n\t\t\t<\/div><\/figure><figure class='gallery-item'>\n\t\t\t<div class='gallery-icon portrait'>\n\t\t\t\t<a href='https:\/\/casadoolivalfv.pt\/wp-content\/uploads\/2020\/08\/Passadicos2.jpg'><img loading=\"lazy\" decoding=\"async\" width=\"525\" height=\"699\" src=\"https:\/\/casadoolivalfv.pt\/wp-content\/uploads\/2020\/08\/Passadicos2-769x1024.jpg\" class=\"attachment-large size-large\" alt=\"\" srcset=\"https:\/\/casadoolivalfv.pt\/wp-content\/uploads\/2020\/08\/Passadicos2-769x1024.jpg 769w, https:\/\/casadoolivalfv.pt\/wp-content\/uploads\/2020\/08\/Passadicos2-225x300.jpg 225w, https:\/\/casadoolivalfv.pt\/wp-content\/uploads\/2020\/08\/Passadicos2-768x1023.jpg 768w\" sizes=\"100vw\" \/><\/a>\n\t\t\t<\/div><\/figure><figure class='gallery-item'>\n\t\t\t<div class='gallery-icon portrait'>\n\t\t\t\t<a href='https:\/\/casadoolivalfv.pt\/wp-content\/uploads\/2020\/08\/Passadicos1.jpg'><img loading=\"lazy\" decoding=\"async\" width=\"525\" height=\"699\" src=\"https:\/\/casadoolivalfv.pt\/wp-content\/uploads\/2020\/08\/Passadicos1-769x1024.jpg\" class=\"attachment-large size-large\" alt=\"\" srcset=\"https:\/\/casadoolivalfv.pt\/wp-content\/uploads\/2020\/08\/Passadicos1-769x1024.jpg 769w, https:\/\/casadoolivalfv.pt\/wp-content\/uploads\/2020\/08\/Passadicos1-225x300.jpg 225w, https:\/\/casadoolivalfv.pt\/wp-content\/uploads\/2020\/08\/Passadicos1-768x1023.jpg 768w\" sizes=\"100vw\" \/><\/a>\n\t\t\t<\/div><\/figure>\n\t\t<\/div>\n\n","protected":false},"excerpt":{"rendered":"<p>Figueir\u00f3 dos Vinhos \u00e9 uma vila antiga que merece uma visita ao seu patrim\u00f3nio hist\u00f3rico e cultural. O Gabinete municipal de turismo organiza visitas guiadas gratuitas aos diferentes locais de interesse, tal como o Casulo de Malhoa e o Museu e Centro de Artes. Outros locais de lazer como a Biblioteca, a Casa da Cultura, &hellip; <\/p>\n<p class=\"link-more\"><a href=\"https:\/\/casadoolivalfv.pt\/index.php\/vilaearredores\/\" class=\"more-link\">Continue reading<span class=\"screen-reader-text\"> &#8220;Vila e arredores&#8221;<\/span><\/a><\/p>\n","protected":false},"author":1,"featured_media":261,"parent":0,"menu_order":0,"comment_status":"closed","ping_status":"closed","template":"","meta":{"spay_email":"","footnotes":""},"jetpack_sharing_enabled":true,"jetpack_shortlink":"https:\/\/wp.me\/P9dgIg-1c","_links":{"self":[{"href":"https:\/\/casadoolivalfv.pt\/index.php\/wp-json\/wp\/v2\/pages\/74"}],"collection":[{"href":"https:\/\/casadoolivalfv.pt\/index.php\/wp-json\/wp\/v2\/pages"}],"about":[{"href":"https:\/\/casadoolivalfv.pt\/index.php\/wp-json\/wp\/v2\/types\/page"}],"author":[{"embeddable":true,"href":"https:\/\/casadoolivalfv.pt\/index.php\/wp-json\/wp\/v2\/users\/1"}],"replies":[{"embeddable":true,"href":"https:\/\/casadoolivalfv.pt\/index.php\/wp-json\/wp\/v2\/comments?post=74"}],"version-history":[{"count":25,"href":"https:\/\/casadoolivalfv.pt\/index.php\/wp-json\/wp\/v2\/pages\/74\/revisions"}],"predecessor-version":[{"id":486,"href":"https:\/\/casadoolivalfv.pt\/index.php\/wp-json\/wp\/v2\/pages\/74\/revisions\/486"}],"wp:featuredmedia":[{"embeddable":true,"href":"https:\/\/casadoolivalfv.pt\/index.php\/wp-json\/wp\/v2\/media\/261"}],"wp:attachment":[{"href":"https:\/\/casadoolivalfv.pt\/index.php\/wp-json\/wp\/v2\/media?parent=74"}],"curies":[{"name":"wp","href":"https:\/\/api.w.org\/{rel}","templated":true}]}}