{"id":8,"date":"2017-09-22T19:40:41","date_gmt":"2017-09-22T19:40:41","guid":{"rendered":"http:\/\/casadoolivalfv.pt\/?page_id=8"},"modified":"2021-11-06T15:19:26","modified_gmt":"2021-11-06T15:19:26","slug":"acasa","status":"publish","type":"page","link":"https:\/\/casadoolivalfv.pt\/index.php\/acasa\/","title":{"rendered":"A Casa"},"content":{"rendered":"<p style=\"text-align: justify;\">A Casa do Olival fica em Figueir\u00f3 dos Vinhos, uma simp\u00e1tica e antiga vila localizada no centro de Portugal, na chamada Zona do Pinhal, a 45 kms de dist\u00e2ncia de Coimbra, 50 de Tomar, 180 km de Lisboa, 160 do Porto e 160 de Espanha.<br \/>\nRodeada de uma pequena zona ajardinada, a casa est\u00e1 implantada no meio de um olival de cerca de 5000m2, onde h\u00e1 tamb\u00e9m algumas \u00e1rvores de fruto. Tal permite que os nossos h\u00f3spedes possam colher laranjas para um sumo ao pequeno almo\u00e7o, ou mesmo azeitonas para um aperitivo de fim de tarde.<br \/>\nN\u00e3o obstante o ambiente rural que nela se desfruta, a Casa do Olival dista apenas 7 ou 8 minutos a p\u00e9 do centro da Vila, sendo o local extremamente calmo e tranquilo.<br \/>\nNo piso t\u00e9rreo, encontra-se a cozinha, bem como a sala de refei\u00e7\u00f5es e de estar e um wc de servi\u00e7o.<br \/>\nNo piso superior, situa-se um wc completo e os os 3 quartos, aos quais cham\u00e1mos de Quarto Mo\u00e7ambique, Quarto Su\u00e9cia (ambos com camas de casal) e Quarto Portugal (com duas camas individuais).<br \/>\nA casa tem capacidade para 6 pessoas e tem uma \u00e1rea interior de 80m2.<br \/>\nA Casa do Olival disp\u00f5e ainda de um p\u00e1tio\/sol\u00e1rio e de um alpendre com grelhador. No exterior, os nossos h\u00f3spedes podem usufruir de refei\u00e7\u00f5es ao ar livre pois a casa disp\u00f5e de mob\u00edlia de exterior (mesa e cadeiras para refei\u00e7\u00f5es, cadeiras de descanso, mesas de apoio, guarda-sol).<br \/>\nA cozinha est\u00e1 equipada com fog\u00e3o e esquentador a g\u00e1s, micro-ondas, m\u00e1quina de caf\u00e9, cafeteira, frigor\u00edfico, m\u00e1quina de lavar loi\u00e7a, torradeira, chaleira, trem de cozinha, lou\u00e7as, talheres, ferro e t\u00e1bua de engomar.<br \/>\nExiste ainda internet\/wifi em todo o espa\u00e7o, bem como uma salamandra na sala para as noites mais frias.<br \/>\nPara os mais pequenos existem diversos jogos de interior e exterior, um ber\u00e7o e uma cadeira de refei\u00e7\u00f5es para b\u00e9b\u00e9.<br \/>\nNa sala de estar pode encontrar um espa\u00e7o de BookCrossing, onde promovemos a leitura atrav\u00e9s da troca de livros em diversas l\u00ednguas.<\/p>\n<p>Veja as imagens da Casa do Olival na nossa <a href=\"https:\/\/casadoolivalfv.pt\/index.php\/galeria\/\">Galeria<\/a><\/p>\n","protected":false},"excerpt":{"rendered":"<p>A Casa do Olival fica em Figueir\u00f3 dos Vinhos, uma simp\u00e1tica e antiga vila localizada no centro de Portugal, na chamada Zona do Pinhal, a 45 kms de dist\u00e2ncia de Coimbra, 50 de Tomar, 180 km de Lisboa, 160 do Porto e 160 de Espanha. Rodeada de uma pequena zona ajardinada, a casa est\u00e1 implantada &hellip; <\/p>\n<p class=\"link-more\"><a href=\"https:\/\/casadoolivalfv.pt\/index.php\/acasa\/\" class=\"more-link\">Continue reading<span class=\"screen-reader-text\"> &#8220;A Casa&#8221;<\/span><\/a><\/p>\n","protected":false},"author":1,"featured_media":570,"parent":0,"menu_order":0,"comment_status":"closed","ping_status":"closed","template":"","meta":{"spay_email":"","footnotes":""},"jetpack_sharing_enabled":true,"jetpack_shortlink":"https:\/\/wp.me\/P9dgIg-8","_links":{"self":[{"href":"https:\/\/casadoolivalfv.pt\/index.php\/wp-json\/wp\/v2\/pages\/8"}],"collection":[{"href":"https:\/\/casadoolivalfv.pt\/index.php\/wp-json\/wp\/v2\/pages"}],"about":[{"href":"https:\/\/casadoolivalfv.pt\/index.php\/wp-json\/wp\/v2\/types\/page"}],"author":[{"embeddable":true,"href":"https:\/\/casadoolivalfv.pt\/index.php\/wp-json\/wp\/v2\/users\/1"}],"replies":[{"embeddable":true,"href":"https:\/\/casadoolivalfv.pt\/index.php\/wp-json\/wp\/v2\/comments?post=8"}],"version-history":[{"count":19,"href":"https:\/\/casadoolivalfv.pt\/index.php\/wp-json\/wp\/v2\/pages\/8\/revisions"}],"predecessor-version":[{"id":571,"href":"https:\/\/casadoolivalfv.pt\/index.php\/wp-json\/wp\/v2\/pages\/8\/revisions\/571"}],"wp:featuredmedia":[{"embeddable":true,"href":"https:\/\/casadoolivalfv.pt\/index.php\/wp-json\/wp\/v2\/media\/570"}],"wp:attachment":[{"href":"https:\/\/casadoolivalfv.pt\/index.php\/wp-json\/wp\/v2\/media?parent=8"}],"curies":[{"name":"wp","href":"https:\/\/api.w.org\/{rel}","templated":true}]}}