{"id":9,"date":"2017-09-22T19:40:41","date_gmt":"2017-09-22T19:40:41","guid":{"rendered":"http:\/\/casadoolivalfv.pt\/?page_id=9"},"modified":"2024-05-01T09:29:06","modified_gmt":"2024-05-01T09:29:06","slug":"contact","status":"publish","type":"page","link":"https:\/\/casadoolivalfv.pt\/index.php\/contact\/","title":{"rendered":"Contacto"},"content":{"rendered":"\n<p>Casa do Olival<\/p>\n\n\n\n<p>Figueir\u00f3 dos Vinhos<\/p>\n\n\n\n<p>(+351) 96 4010 229 (<em>Chamada de rede m\u00f3vel nacional <\/em>)<\/p>\n\n\n\n<p><a href=\"mailto:info@casadoolivalfv.pt\">info@casadoolivalfv.pt<\/a><br><\/p>\n\n\n\n<hr class=\"wp-block-separator has-alpha-channel-opacity\"\/>\n\n\n\n<p><a href=\"https:\/\/www.instagram.com\/casa_do_olival_fv\/\" target=\"_blank\" rel=\"noreferrer noopener\">instagram.com\/casa_do_olival_fv\/<\/a><\/p>\n\n\n\n<p><a href=\"https:\/\/www.facebook.com\/casadoolivalfigueirodosvinhos\" target=\"_blank\" rel=\"noreferrer noopener\">Facebook.com\/casadoolivalfigueirodosvinhos<\/a><\/p>\n\n\n\n<hr class=\"wp-block-separator has-alpha-channel-opacity\"\/>\n\n\n\n<p><\/p>\n\n\n\n<p>Coordenadas GPS: 39\u00b054&#8217;02.00&#8243;N, 8\u00b016&#8217;51.39&#8243;W&#8221;<\/p>\n\n\n\n<p>A Casa do Olival \u00e9 um parceiro oficial das Aldeias do Xisto.<\/p>\n\n\n\n<figure class=\"wp-block-image is-resized\"><a href=\"https:\/\/casadoolivalfv.pt\/wp-content\/uploads\/2017\/11\/recomendado_parceirooficial_Casa-do-Olival.png\"><img loading=\"lazy\" decoding=\"async\" src=\"https:\/\/casadoolivalfv.pt\/wp-content\/uploads\/2017\/11\/recomendado_parceirooficial_Casa-do-Olival-223x300.png\" alt=\"\" class=\"wp-image-302\" width=\"223\" height=\"300\" srcset=\"https:\/\/casadoolivalfv.pt\/wp-content\/uploads\/2017\/11\/recomendado_parceirooficial_Casa-do-Olival-223x300.png 223w, https:\/\/casadoolivalfv.pt\/wp-content\/uploads\/2017\/11\/recomendado_parceirooficial_Casa-do-Olival.png 452w\" sizes=\"(max-width: 223px) 100vw, 223px\" \/><\/a><\/figure>\n\n\n\n<hr class=\"wp-block-separator has-alpha-channel-opacity is-style-wide\"\/>\n\n\n\n<p>Links \u00fateis durante a sua estadia na Casa do Olival:<\/p>\n\n\n\n<p><a href=\"http:\/\/www.cm-figueirodosvinhos.pt\/\">C\u00e2mara Municipal de Figueir\u00f3 dos Vinhos<\/a><\/p>\n\n\n\n<p><a href=\"http:\/\/www.cm-castanheiradepera.pt\/\">C\u00e2mara Municipal de Castanheira de P\u00eara<\/a><\/p>\n\n\n\n<p><a href=\"http:\/\/www.cm-pedrogaogrande.pt\/\">C\u00e2mara Municipal de Pedr\u00f3g\u00e3o Grande<\/a><\/p>\n\n\n\n<p><a href=\"http:\/\/aldeiasdoxisto.pt\/\">Aldeias do Xisto<\/a><\/p>\n\n\n\n<p><a href=\"https:\/\/www.facebook.com\/chdvinhos\/\">Centro h\u00edpico de Figueir\u00f3 dos Vinhos<\/a><\/p>\n\n\n\n<hr class=\"wp-block-separator has-alpha-channel-opacity is-style-wide\"\/>\n\n\n\n<p>Outra informa\u00e7\u00e3o<\/p>\n\n\n\n<p><\/p>\n\n\n<div class=\"wp-block-image\">\n<figure class=\"alignleft\"><a href=\"https:\/\/www.livroreclamacoes.pt\/inicio\" target=\"_blank\" rel=\"noopener\"><img loading=\"lazy\" decoding=\"async\" width=\"140\" height=\"58\" src=\"https:\/\/casadoolivalfv.pt\/wp-content\/uploads\/2020\/09\/i006575.png\" alt=\"\" class=\"wp-image-497\"\/><\/a><\/figure><\/div>\n\n\n<p><\/p>\n\n\n\n<p><\/p>\n\n\n\n<p><\/p>\n\n\n<div class=\"wp-block-image\">\n<figure class=\"alignleft size-large is-resized\"><img loading=\"lazy\" decoding=\"async\" src=\"https:\/\/casadoolivalfv.pt\/wp-content\/uploads\/2024\/04\/conflicts-1024x490.png\" alt=\"\" class=\"wp-image-624\" width=\"659\" height=\"314\" srcset=\"https:\/\/casadoolivalfv.pt\/wp-content\/uploads\/2024\/04\/conflicts-1024x490.png 1024w, https:\/\/casadoolivalfv.pt\/wp-content\/uploads\/2024\/04\/conflicts-300x144.png 300w\" sizes=\"(max-width: 659px) 100vw, 659px\" \/><\/figure><\/div>","protected":false},"excerpt":{"rendered":"<p>Casa do Olival Figueir\u00f3 dos Vinhos (+351) 96 4010 229 (Chamada de rede m\u00f3vel nacional ) info@casadoolivalfv.pt instagram.com\/casa_do_olival_fv\/ Facebook.com\/casadoolivalfigueirodosvinhos Coordenadas GPS: 39\u00b054&#8217;02.00&#8243;N, 8\u00b016&#8217;51.39&#8243;W&#8221; A Casa do Olival \u00e9 um parceiro oficial das Aldeias do Xisto. Links \u00fateis durante a sua estadia na Casa do Olival: C\u00e2mara Municipal de Figueir\u00f3 dos Vinhos C\u00e2mara Municipal de Castanheira &hellip; <\/p>\n<p class=\"link-more\"><a href=\"https:\/\/casadoolivalfv.pt\/index.php\/contact\/\" class=\"more-link\">Continue reading<span class=\"screen-reader-text\"> &#8220;Contacto&#8221;<\/span><\/a><\/p>\n","protected":false},"author":1,"featured_media":85,"parent":0,"menu_order":0,"comment_status":"closed","ping_status":"closed","template":"","meta":{"spay_email":"","footnotes":""},"jetpack_sharing_enabled":true,"jetpack_shortlink":"https:\/\/wp.me\/P9dgIg-9","_links":{"self":[{"href":"https:\/\/casadoolivalfv.pt\/index.php\/wp-json\/wp\/v2\/pages\/9"}],"collection":[{"href":"https:\/\/casadoolivalfv.pt\/index.php\/wp-json\/wp\/v2\/pages"}],"about":[{"href":"https:\/\/casadoolivalfv.pt\/index.php\/wp-json\/wp\/v2\/types\/page"}],"author":[{"embeddable":true,"href":"https:\/\/casadoolivalfv.pt\/index.php\/wp-json\/wp\/v2\/users\/1"}],"replies":[{"embeddable":true,"href":"https:\/\/casadoolivalfv.pt\/index.php\/wp-json\/wp\/v2\/comments?post=9"}],"version-history":[{"count":49,"href":"https:\/\/casadoolivalfv.pt\/index.php\/wp-json\/wp\/v2\/pages\/9\/revisions"}],"predecessor-version":[{"id":679,"href":"https:\/\/casadoolivalfv.pt\/index.php\/wp-json\/wp\/v2\/pages\/9\/revisions\/679"}],"wp:featuredmedia":[{"embeddable":true,"href":"https:\/\/casadoolivalfv.pt\/index.php\/wp-json\/wp\/v2\/media\/85"}],"wp:attachment":[{"href":"https:\/\/casadoolivalfv.pt\/index.php\/wp-json\/wp\/v2\/media?parent=9"}],"curies":[{"name":"wp","href":"https:\/\/api.w.org\/{rel}","templated":true}]}}